{"id":204,"date":"2021-03-31T11:44:56","date_gmt":"2021-03-31T09:44:56","guid":{"rendered":"http:\/\/lppartners.eu\/?page_id=204"},"modified":"2024-12-17T16:34:58","modified_gmt":"2024-12-17T15:34:58","slug":"impressum","status":"publish","type":"page","link":"https:\/\/lppartners.eu\/en\/impressum\/","title":{"rendered":"Imprint"},"content":{"rendered":"<p class=\"has-medium-font-size\">Website owner, Publisher<\/p>\n\n\n\n<p class=\"has-medium-font-size\"><strong>LPP Lighthouse Project Partners GmbH<\/strong><\/p>\n\n\n\n<p class=\"has-medium-font-size\">Stubenring 24\/3<\/p>\n\n\n\n<p class=\"has-medium-font-size\">A-1010 Wien\/Austria<\/p>\n\n\n\n<p class=\"has-medium-font-size\">Telefon: +43.1.236.368.40<\/p>\n\n\n\n<p class=\"has-medium-font-size\">E-Mail: &nbsp;<a href=\"mailto:office@lppartners.eu\">office@lppartners.eu<\/a><\/p>\n\n\n\n<p class=\"has-medium-font-size\">Web: &nbsp;&nbsp;&nbsp;&nbsp;&nbsp;<a href=\"https:\/\/lppartners.eu\/en\/\">www.lppartners.eu<\/a><\/p>\n\n\n\n<p class=\"has-medium-font-size\">Management: Dr. Werner Laber, Managing Director<\/p>\n\n\n\n<p class=\"has-medium-font-size\">Commercial Register: FN 131805g, HG Wien<\/p>\n\n\n\n<p class=\"has-medium-font-size\">VAT: ATU 40736209<\/p>\n\n\n\n<p class=\"has-medium-font-size\">Beh\u00f6rde gem. ECG: Magistratisches Bezirksamt f\u00fcr den I. Bezirk<\/p>","protected":false},"excerpt":{"rendered":"<p>Websiteinhaber, Herausgeber LPP Lighthouse Project Partners GmbH Stubenring 24\/3 A-1010 Wien\/Austria Telefon: +43.1.236.368.40 E-Mail: &nbsp;office@lppartners.eu Web: &nbsp;&nbsp;&nbsp;&nbsp;&nbsp;www.lppartners.eu Gesch\u00e4ftsf\u00fchrung: Dr. Werner Laber Firmenbuchnummer: FN 131805g, HG Wien UID: ATU 40736209 Beh\u00f6rde gem. ECG: Magistratisches Bezirksamt f\u00fcr den I. Bezirk<\/p>","protected":false},"author":1,"featured_media":0,"parent":0,"menu_order":0,"comment_status":"closed","ping_status":"closed","template":"","meta":{"advgb_blocks_editor_width":"","advgb_blocks_columns_visual_guide":"","inline_featured_image":false,"footnotes":""},"class_list":["post-204","page","type-page","status-publish","hentry"],"coauthors":[],"author_meta":{"author_link":"https:\/\/lppartners.eu\/en\/author\/lppadmin\/","display_name":"lppadmin"},"relative_dates":{"created":"Posted 5 years ago","modified":"Updated 1 year ago"},"absolute_dates":{"created":"Posted on 31. March 2021","modified":"Updated on 17. December 2024"},"absolute_dates_time":{"created":"Posted on 31. March 2021 11:44","modified":"Updated on 17. December 2024 16:34"},"featured_img_caption":"","featured_img":false,"series_order":"","_links":{"self":[{"href":"https:\/\/lppartners.eu\/en\/wp-json\/wp\/v2\/pages\/204","targetHints":{"allow":["GET"]}}],"collection":[{"href":"https:\/\/lppartners.eu\/en\/wp-json\/wp\/v2\/pages"}],"about":[{"href":"https:\/\/lppartners.eu\/en\/wp-json\/wp\/v2\/types\/page"}],"author":[{"embeddable":true,"href":"https:\/\/lppartners.eu\/en\/wp-json\/wp\/v2\/users\/1"}],"replies":[{"embeddable":true,"href":"https:\/\/lppartners.eu\/en\/wp-json\/wp\/v2\/comments?post=204"}],"version-history":[{"count":3,"href":"https:\/\/lppartners.eu\/en\/wp-json\/wp\/v2\/pages\/204\/revisions"}],"predecessor-version":[{"id":2533,"href":"https:\/\/lppartners.eu\/en\/wp-json\/wp\/v2\/pages\/204\/revisions\/2533"}],"wp:attachment":[{"href":"https:\/\/lppartners.eu\/en\/wp-json\/wp\/v2\/media?parent=204"}],"curies":[{"name":"wp","href":"https:\/\/api.w.org\/{rel}","templated":true}]}}