{"id":226,"date":"2021-03-31T12:18:54","date_gmt":"2021-03-31T10:18:54","guid":{"rendered":"http:\/\/lppartners.eu\/?page_id=226"},"modified":"2024-02-04T00:21:47","modified_gmt":"2024-02-03T23:21:47","slug":"ueber-uns-2","status":"publish","type":"page","link":"https:\/\/lppartners.eu\/en\/ueber-uns-2\/","title":{"rendered":"About us"},"content":{"rendered":"<div style=\"height:100px\" aria-hidden=\"true\" id=\"ueber-uns\" class=\"wp-block-spacer\"><\/div>\n\n\n\n<div style=\"height:100px\" aria-hidden=\"true\" id=\"ueber-uns\" class=\"wp-block-spacer\"><\/div>\n\n\n\n<h2 class=\"wp-block-heading has-text-color\" id=\"uber-uns-ebd4066b-c6a0-4616-acd9-02a968e2fa78\" style=\"color:#151f59;font-size:50px\"><strong>ABOUT US<\/strong><\/h2>\n\n\n\n<div style=\"height:100px\" aria-hidden=\"true\" class=\"wp-block-spacer\"><\/div>\n\n\n\n<p class=\"has-medium-font-size\">Our team combines a broad range of expertise, professional knowledge paired with a diverse background and is part of a larger group. We share common values and visions for the future and execute in a solution-focused manner. Therein lies our USP. We leverage our individuality as a team and generate maximum synergies for our clients.<\/p>\n\n\n\n<div class=\"wp-block-columns alignwide is-layout-flex wp-container-core-columns-is-layout-9d6595d7 wp-block-columns-is-layout-flex\">\n<div class=\"wp-block-column is-layout-flow wp-block-column-is-layout-flow\"><div class=\"wp-block-image\">\n<figure class=\"aligncenter size-full is-resized\"><img loading=\"lazy\" decoding=\"async\" width=\"200\" height=\"283\" src=\"http:\/\/lppartners.eu\/wp-content\/uploads\/2021\/04\/LPP-WL-Bild-03.jpg\" alt=\"\" class=\"wp-image-619\" style=\"width:300px\" srcset=\"https:\/\/lppartners.eu\/wp-content\/uploads\/2021\/04\/LPP-WL-Bild-03.jpg 200w, https:\/\/lppartners.eu\/wp-content\/uploads\/2021\/04\/LPP-WL-Bild-03-8x12.jpg 8w\" sizes=\"auto, (max-width: 200px) 100vw, 200px\" \/><\/figure>\n<\/div>\n\n\n<h2 class=\"wp-block-heading has-text-align-center\"><mark style=\"background-color:rgba(0, 0, 0, 0);color:#171963\" class=\"has-inline-color\">Werner Laber<\/mark><\/h2>\n\n\n\n<p class=\"has-text-align-center\"><strong><mark style=\"background-color:rgba(0, 0, 0, 0);color:#171963\" class=\"has-inline-color\">Managing Partner<\/mark><\/strong><\/p>\n\n\n\n<p class=\"has-text-align-center\"><a href=\"mailto:w.laber@lppartners.eu\">w.laber@lppartners.eu<\/a><\/p>\n<\/div>\n\n\n\n<div class=\"wp-block-column is-layout-flow wp-block-column-is-layout-flow\"><div class=\"wp-block-image\">\n<figure class=\"aligncenter size-full is-resized\"><img loading=\"lazy\" decoding=\"async\" width=\"200\" height=\"283\" src=\"http:\/\/lppartners.eu\/wp-content\/uploads\/2021\/10\/philipp-koniarski-web-03.jpg\" alt=\"\" class=\"wp-image-2220\" style=\"width:300px\" srcset=\"https:\/\/lppartners.eu\/wp-content\/uploads\/2021\/10\/philipp-koniarski-web-03.jpg 200w, https:\/\/lppartners.eu\/wp-content\/uploads\/2021\/10\/philipp-koniarski-web-03-8x12.jpg 8w\" sizes=\"auto, (max-width: 200px) 100vw, 200px\" \/><\/figure>\n<\/div>\n\n\n<h2 class=\"wp-block-heading has-text-align-center\"><mark style=\"background-color:rgba(0, 0, 0, 0);color:#171963\" class=\"has-inline-color\">Philip Koniarski<\/mark><\/h2>\n\n\n\n<p class=\"has-text-align-center\"><strong><mark style=\"background-color:rgba(0, 0, 0, 0);color:#171963\" class=\"has-inline-color\">Corporate Development &amp; Strategy<\/mark><\/strong><\/p>\n\n\n\n<p class=\"has-text-align-center\"><a href=\"mailto:p.koniarski@lppartners.eu\">p.koniarski@lppartners.eu<\/a><\/p>\n<\/div>\n\n\n\n<div class=\"wp-block-column is-layout-flow wp-block-column-is-layout-flow\"><div class=\"wp-block-image\">\n<figure class=\"aligncenter size-full is-resized\"><img loading=\"lazy\" decoding=\"async\" width=\"200\" height=\"283\" src=\"http:\/\/lppartners.eu\/wp-content\/uploads\/2021\/04\/LPP-SK-Bild-03.jpg\" alt=\"\" class=\"wp-image-618\" style=\"width:300px\" srcset=\"https:\/\/lppartners.eu\/wp-content\/uploads\/2021\/04\/LPP-SK-Bild-03.jpg 200w, https:\/\/lppartners.eu\/wp-content\/uploads\/2021\/04\/LPP-SK-Bild-03-8x12.jpg 8w\" sizes=\"auto, (max-width: 200px) 100vw, 200px\" \/><\/figure>\n<\/div>\n\n\n<h2 class=\"wp-block-heading has-text-align-center\"><mark style=\"background-color:rgba(0, 0, 0, 0);color:#171963\" class=\"has-inline-color\">Sandra Krieger<\/mark><\/h2>\n\n\n\n<p class=\"has-text-align-center\"><strong><mark style=\"background-color:rgba(0, 0, 0, 0);color:#171963\" class=\"has-inline-color\">Executive Assistant<\/mark><\/strong><\/p>\n\n\n\n<p class=\"has-text-align-center\"><a href=\"mailto:s.krieger@lppartners.eu\">s.krieger@lppartners.eu<\/a><\/p>\n<\/div>\n<\/div>\n\n\n\n<div class=\"wp-block-columns alignwide is-layout-flex wp-container-core-columns-is-layout-9d6595d7 wp-block-columns-is-layout-flex\">\n<div class=\"wp-block-column is-layout-flow wp-block-column-is-layout-flow\"><div class=\"wp-block-image\">\n<figure class=\"aligncenter size-full is-resized\"><img loading=\"lazy\" decoding=\"async\" width=\"200\" height=\"283\" src=\"http:\/\/lppartners.eu\/wp-content\/uploads\/2021\/06\/LPP-KA-Bild-03.jpg\" alt=\"\" class=\"wp-image-2126\" style=\"width:300px;height:auto\" srcset=\"https:\/\/lppartners.eu\/wp-content\/uploads\/2021\/06\/LPP-KA-Bild-03.jpg 200w, https:\/\/lppartners.eu\/wp-content\/uploads\/2021\/06\/LPP-KA-Bild-03-8x12.jpg 8w\" sizes=\"auto, (max-width: 200px) 100vw, 200px\" \/><\/figure>\n<\/div>\n\n\n<h2 class=\"wp-block-heading has-text-align-center\"><mark style=\"background-color:rgba(0, 0, 0, 0);color:#171963\" class=\"has-inline-color\">Karim Abed Abbas<\/mark><\/h2>\n\n\n\n<p class=\"has-text-align-center\"><strong><mark style=\"background-color:rgba(0, 0, 0, 0);color:#171963\" class=\"has-inline-color\">Partner Digital Ventures<\/mark><\/strong><\/p>\n\n\n\n<p class=\"has-text-align-center\"><a href=\"mailto:k.abbas@lppartners.eu\">k.abbas@lppartners.eu<\/a><\/p>\n<\/div>\n\n\n\n<div class=\"wp-block-column is-layout-flow wp-block-column-is-layout-flow\"><div class=\"wp-block-image\">\n<figure class=\"aligncenter size-full is-resized\"><img loading=\"lazy\" decoding=\"async\" width=\"200\" height=\"283\" src=\"http:\/\/lppartners.eu\/wp-content\/uploads\/2021\/06\/LPP-BK-Bild-01.jpg\" alt=\"\" class=\"wp-image-2127\" style=\"width:300px\" srcset=\"https:\/\/lppartners.eu\/wp-content\/uploads\/2021\/06\/LPP-BK-Bild-01.jpg 200w, https:\/\/lppartners.eu\/wp-content\/uploads\/2021\/06\/LPP-BK-Bild-01-8x12.jpg 8w\" sizes=\"auto, (max-width: 200px) 100vw, 200px\" \/><\/figure>\n<\/div>\n\n\n<h2 class=\"wp-block-heading has-text-align-center\"><mark style=\"background-color:rgba(0, 0, 0, 0);color:#171963\" class=\"has-inline-color\">Bernhard Kreutzer<\/mark><\/h2>\n\n\n\n<p class=\"has-text-align-center\"><strong><mark style=\"background-color:rgba(0, 0, 0, 0);color:#171963\" class=\"has-inline-color\">Partner Smart Nutrition<\/mark><\/strong><\/p>\n\n\n\n<p class=\"has-text-align-center\"><a href=\"mailto:b.kreutzer@lppartners.eu\">b.kreutzer@lppartners.eu<\/a><\/p>\n<\/div>\n\n\n\n<div class=\"wp-block-column is-layout-flow wp-block-column-is-layout-flow\"><div class=\"wp-block-image\">\n<figure class=\"aligncenter size-full is-resized\"><img loading=\"lazy\" decoding=\"async\" width=\"200\" height=\"283\" src=\"http:\/\/lppartners.eu\/wp-content\/uploads\/2023\/02\/LPP-MW-Bild-01.jpg\" alt=\"\" class=\"wp-image-2475\" style=\"width:300px\" srcset=\"https:\/\/lppartners.eu\/wp-content\/uploads\/2023\/02\/LPP-MW-Bild-01.jpg 200w, https:\/\/lppartners.eu\/wp-content\/uploads\/2023\/02\/LPP-MW-Bild-01-8x12.jpg 8w\" sizes=\"auto, (max-width: 200px) 100vw, 200px\" \/><\/figure>\n<\/div>\n\n\n<h2 class=\"wp-block-heading has-text-align-center\"><mark style=\"background-color:rgba(0, 0, 0, 0);color:#171963\" class=\"has-inline-color\">Martin Watzka<\/mark><\/h2>\n\n\n\n<p class=\"has-text-align-center\"><strong><mark style=\"background-color:rgba(0, 0, 0, 0);color:#171963\" class=\"has-inline-color\">Green Finance \/ ESG<\/mark><\/strong><\/p>\n\n\n\n<p class=\"has-text-align-center\"><a href=\"mailto:m.watzka@lppartners.eu\">m.watzka@lppartners.eu<\/a><\/p>\n<\/div>\n<\/div>\n\n\n\n<p><\/p>","protected":false},"excerpt":{"rendered":"<p>\u00dcBER UNS Unser Team vereint ein breites Spektrum an Expertise und Fachkenntnis gepaart mit einem diversen Background und ist Teil einer gr\u00f6\u00dferen Gruppe. Wir teilen gemeinsame Werte sowie Zukunftsvorstellungen und agieren l\u00f6sungsfokussiert. Darin liegt unser USP. Wir setzen unsere Individualit\u00e4t als Team ein und generieren maximale Synergien f\u00fcr unsere Kunden. [&hellip;]<\/p>","protected":false},"author":1,"featured_media":0,"parent":0,"menu_order":0,"comment_status":"closed","ping_status":"closed","template":"","meta":{"advgb_blocks_editor_width":"","advgb_blocks_columns_visual_guide":"","inline_featured_image":false,"footnotes":""},"class_list":["post-226","page","type-page","status-publish","hentry"],"coauthors":[],"author_meta":{"author_link":"https:\/\/lppartners.eu\/en\/author\/lppadmin\/","display_name":"lppadmin"},"relative_dates":{"created":"Posted 5 years ago","modified":"Updated 2 years ago"},"absolute_dates":{"created":"Posted on 31. March 2021","modified":"Updated on 4. February 2024"},"absolute_dates_time":{"created":"Posted on 31. March 2021 12:18","modified":"Updated on 4. February 2024 0:21"},"featured_img_caption":"","featured_img":false,"series_order":"","_links":{"self":[{"href":"https:\/\/lppartners.eu\/en\/wp-json\/wp\/v2\/pages\/226","targetHints":{"allow":["GET"]}}],"collection":[{"href":"https:\/\/lppartners.eu\/en\/wp-json\/wp\/v2\/pages"}],"about":[{"href":"https:\/\/lppartners.eu\/en\/wp-json\/wp\/v2\/types\/page"}],"author":[{"embeddable":true,"href":"https:\/\/lppartners.eu\/en\/wp-json\/wp\/v2\/users\/1"}],"replies":[{"embeddable":true,"href":"https:\/\/lppartners.eu\/en\/wp-json\/wp\/v2\/comments?post=226"}],"version-history":[{"count":161,"href":"https:\/\/lppartners.eu\/en\/wp-json\/wp\/v2\/pages\/226\/revisions"}],"predecessor-version":[{"id":2514,"href":"https:\/\/lppartners.eu\/en\/wp-json\/wp\/v2\/pages\/226\/revisions\/2514"}],"wp:attachment":[{"href":"https:\/\/lppartners.eu\/en\/wp-json\/wp\/v2\/media?parent=226"}],"curies":[{"name":"wp","href":"https:\/\/api.w.org\/{rel}","templated":true}]}}