{"id":3,"date":"2021-03-26T09:24:31","date_gmt":"2021-03-26T08:24:31","guid":{"rendered":"http:\/\/lppartners.eu\/?page_id=3"},"modified":"2021-05-07T10:29:25","modified_gmt":"2021-05-07T08:29:25","slug":"datenschutzerklaerung","status":"publish","type":"page","link":"https:\/\/lppartners.eu\/en\/datenschutzerklaerung\/","title":{"rendered":"Information obligation statement <\/br>\n(Data privacy statement)"},"content":{"rendered":"<p class=\"has-medium-font-size\">The protection of your personal data is very important to us. We therefore process your data exclusively on the basis of legal regulations (GDPR, Telecommunications Act 2003). In this data privacy information, we inform you of the most important aspects of data processing in relation to our website.<br><\/p>\n\n\n\n<p class=\"has-medium-font-size\"><strong>Contact with us<\/strong><\/p>\n\n\n\n<p class=\"has-medium-font-size\"><br>If you contact us via e-mail, we store your stated data for six months for the purpose of processing the enquiry and in the event of any follow-up questions. We do not pass on this data without your consent.<br><\/p>\n\n\n\n<p class=\"has-medium-font-size\"><strong>Cookies<\/strong><\/p>\n\n\n\n<p class=\"has-medium-font-size\"><br>Our website uses so-called cookies. These are small text files that are deposited on your end device with the help of the browser. They do not cause any damage. We use cookies to make our offer user-friendly. Some cookies remain stored on your end device until you delete them. They allow us to identify your browser at your next visit. If you object to this, you can set your browser so that it informs you about the placing of cookies and you can allow it in individual cases only. When deactivating cookies, the functionality of our website can be restricted.<br><\/p>\n\n\n\n<p class=\"has-medium-font-size\"><strong>Data privacy statement for Google Analytics<\/strong><\/p>\n\n\n\n<p class=\"has-medium-font-size\"><br>Unsere Website verwendet Google Analytics, einen Webanalysedienst von Google Inc., 1600 Amphitheatre Parkway, Mountain View, CA 94043, USA. Zur Deaktivierung von Google Analytics stellt Google unter http:\/\/tools.google.com\/dlpage\/gaoptout?hl=de ein Browser-Plug-In zur Verf\u00fcgung. Google Analytics verwendet Cookies. Das sind kleine Textdateien, die es m\u00f6glich machen, auf dem Endger\u00e4t des Nutzers spezifische, auf den Nutzer bezogene Informationen zu speichern. Diese erm\u00f6glichen eine Analyse der Nutzung unseres Websiteangebotes durch Google. Die durch den Cookie erfassten Informationen \u00fcber die Nutzung unserer Seiten (einschlie\u00dflich Ihrer IP-Adresse) werden in der Regel an einen Server von Google in den USA \u00fcbertragen und dort gespeichert. Wir weisen darauf hin, dass auf dieser Website Google Analytics um den Code &#8220;gat._anonymizeIp();&#8221; erweitert wurde, um eine anonymisierte Erfassung von IP-Adressen (sog. IP- Masking) zu gew\u00e4hrleisten. Ist die Anonymisierung aktiv, k\u00fcrzt Google IP-Adressen innerhalb von Mitgliedstaaten der Europ\u00e4ischen Union oder in anderen Vertragsstaaten des Abkommens \u00fcber den Europ\u00e4ischen Wirtschaftsraum, weswegen keine R\u00fcckschl\u00fcsse auf Ihre Identit\u00e4t m\u00f6glich sind. Nur in Ausnahmef\u00e4llen wird die volle IP-Adresse an einen Server von Google in den USA \u00fcbertragen und dort gek\u00fcrzt. Google beachtet die Datenschutzbestimmungen des &#8220;Privacy Shield&#8221;-Abkommens und ist beim &#8220;Privacy Shield&#8221;-Programm des US-Handelsministeriums registriert und nutzt die gesammelten Informationen, um die Nutzung unserer Websites auszuwerten, Berichte f\u00fcr uns diesbez\u00fcglich zu verfassen und andere diesbez\u00fcgliche Dienstleistungen an uns zu erbringen. Mehr erfahren Sie unter http:\/\/www.google.com\/intl\/de\/analytics\/privacyoverview.html.<br><\/p>\n\n\n\n<p class=\"has-medium-font-size\"><strong>Your rights<\/strong><\/p>\n\n\n\n<p class=\"has-medium-font-size\"><br>You are fundamentally entitled to the rights to information, rectification, erasure, restriction, data portability, withdrawal of consent and objection. If you believe that the processing of your data contravenes data privacy law or that your data privacy rights have been infringed in any other way, you can complain to the supervisory authority. In Austria, this is the Data Privacy Authority.<\/p>\n\n\n\n<p class=\"has-medium-font-size\"><br><strong>You can contract us at the following contact details:<\/strong><\/p>\n\n\n\n<p class=\"has-medium-font-size\"><br>Laber, Pozzi &amp; Partners Corporate Finance GmbH (LLC)<br>A-1010 Vienna, Stubenring 24\/3<br>Tel: +43 (0)1 236 368 40<br>E-mail: office@lppartners.eu<br>Web: www.lppartners.eu<\/p>","protected":false},"excerpt":{"rendered":"<p>Der Schutz Ihrer pers\u00f6nlichen Daten ist uns ein besonderes Anliegen. Wir verarbeiten Ihre Daten daher ausschlie\u00dflich auf Grundlage der gesetzlichen Bestimmungen (DSGVO, TKG 2003). In diesen Datenschutzinformationen informieren wir Sie \u00fcber die wichtigsten Aspekte der Datenverarbeitung im Rahmen unserer Website. Kontakt mit uns Wenn Sie per E-Mail Kontakt mit uns [&hellip;]<\/p>","protected":false},"author":1,"featured_media":0,"parent":0,"menu_order":0,"comment_status":"closed","ping_status":"open","template":"","meta":{"advgb_blocks_editor_width":"","advgb_blocks_columns_visual_guide":"","inline_featured_image":false,"footnotes":""},"class_list":["post-3","page","type-page","status-publish","hentry"],"coauthors":[],"author_meta":{"author_link":"https:\/\/lppartners.eu\/en\/author\/lppadmin\/","display_name":"lppadmin"},"relative_dates":{"created":"Posted 5 years ago","modified":"Updated 5 years ago"},"absolute_dates":{"created":"Posted on 26. March 2021","modified":"Updated on 7. May 2021"},"absolute_dates_time":{"created":"Posted on 26. March 2021 9:24","modified":"Updated on 7. May 2021 10:29"},"featured_img_caption":"","featured_img":false,"series_order":"","_links":{"self":[{"href":"https:\/\/lppartners.eu\/en\/wp-json\/wp\/v2\/pages\/3","targetHints":{"allow":["GET"]}}],"collection":[{"href":"https:\/\/lppartners.eu\/en\/wp-json\/wp\/v2\/pages"}],"about":[{"href":"https:\/\/lppartners.eu\/en\/wp-json\/wp\/v2\/types\/page"}],"author":[{"embeddable":true,"href":"https:\/\/lppartners.eu\/en\/wp-json\/wp\/v2\/users\/1"}],"replies":[{"embeddable":true,"href":"https:\/\/lppartners.eu\/en\/wp-json\/wp\/v2\/comments?post=3"}],"version-history":[{"count":2,"href":"https:\/\/lppartners.eu\/en\/wp-json\/wp\/v2\/pages\/3\/revisions"}],"predecessor-version":[{"id":872,"href":"https:\/\/lppartners.eu\/en\/wp-json\/wp\/v2\/pages\/3\/revisions\/872"}],"wp:attachment":[{"href":"https:\/\/lppartners.eu\/en\/wp-json\/wp\/v2\/media?parent=3"}],"curies":[{"name":"wp","href":"https:\/\/api.w.org\/{rel}","templated":true}]}}